{"id":576,"date":"2023-09-16T19:53:36","date_gmt":"2023-09-16T19:53:36","guid":{"rendered":"http:\/\/www.muebleslatorrecilla.es\/?post_type=product&#038;p=576"},"modified":"2024-12-31T10:17:06","modified_gmt":"2024-12-31T10:17:06","slug":"producto","status":"publish","type":"product","link":"http:\/\/www.muebleslatorrecilla.es\/index.php\/producto\/producto\/","title":{"rendered":"Aparador franc\u00e9s s. XIX, con marqueter\u00eda"},"content":{"rendered":"<p>Aparador franc\u00e9s s. XIX, con marqueter\u00eda<\/p>\n<p>Medidas:161x75x260<\/p>\n","protected":false},"excerpt":{"rendered":"<p>Aparador franc\u00e9s s. XIX<\/p>\n","protected":false},"featured_media":577,"comment_status":"open","ping_status":"closed","template":"","meta":{"om_disable_all_campaigns":false,"_monsterinsights_skip_tracking":false,"_monsterinsights_sitenote_active":false,"_monsterinsights_sitenote_note":"","_monsterinsights_sitenote_category":0},"product_cat":[20],"product_tag":[44,34,67,40],"class_list":["post-576","product","type-product","status-publish","has-post-thumbnail","hentry","product_cat-antiguedades","product_tag-antiguo","product_tag-aparador","product_tag-marqueteria","product_tag-salon"],"aioseo_notices":[],"jetpack_sharing_enabled":true,"_links":{"self":[{"href":"http:\/\/www.muebleslatorrecilla.es\/index.php\/wp-json\/wp\/v2\/product\/576","targetHints":{"allow":["GET"]}}],"collection":[{"href":"http:\/\/www.muebleslatorrecilla.es\/index.php\/wp-json\/wp\/v2\/product"}],"about":[{"href":"http:\/\/www.muebleslatorrecilla.es\/index.php\/wp-json\/wp\/v2\/types\/product"}],"replies":[{"embeddable":true,"href":"http:\/\/www.muebleslatorrecilla.es\/index.php\/wp-json\/wp\/v2\/comments?post=576"}],"version-history":[{"count":4,"href":"http:\/\/www.muebleslatorrecilla.es\/index.php\/wp-json\/wp\/v2\/product\/576\/revisions"}],"predecessor-version":[{"id":1025,"href":"http:\/\/www.muebleslatorrecilla.es\/index.php\/wp-json\/wp\/v2\/product\/576\/revisions\/1025"}],"wp:featuredmedia":[{"embeddable":true,"href":"http:\/\/www.muebleslatorrecilla.es\/index.php\/wp-json\/wp\/v2\/media\/577"}],"wp:attachment":[{"href":"http:\/\/www.muebleslatorrecilla.es\/index.php\/wp-json\/wp\/v2\/media?parent=576"}],"wp:term":[{"taxonomy":"product_cat","embeddable":true,"href":"http:\/\/www.muebleslatorrecilla.es\/index.php\/wp-json\/wp\/v2\/product_cat?post=576"},{"taxonomy":"product_tag","embeddable":true,"href":"http:\/\/www.muebleslatorrecilla.es\/index.php\/wp-json\/wp\/v2\/product_tag?post=576"}],"curies":[{"name":"wp","href":"https:\/\/api.w.org\/{rel}","templated":true}]}}