{"id":1080,"date":"2025-01-10T18:00:07","date_gmt":"2025-01-10T18:00:07","guid":{"rendered":"http:\/\/www.muebleslatorrecilla.es\/?post_type=product&#038;p=1080"},"modified":"2025-03-07T12:31:37","modified_gmt":"2025-03-07T12:31:37","slug":"aparador-salomonico-s-xix-con-tapa-de-marmol","status":"publish","type":"product","link":"http:\/\/www.muebleslatorrecilla.es\/index.php\/producto\/aparador-salomonico-s-xix-con-tapa-de-marmol\/","title":{"rendered":"Aparador salom\u00f3nico s. XIX con tapa de m\u00e1rmol"},"content":{"rendered":"<p>Aparador salom\u00f3nico s. XIX con tapa de m\u00e1rmol.<\/p>\n<p>Medidas:<\/p>\n","protected":false},"excerpt":{"rendered":"<p>Aparador salom\u00f3nico s. XIX<\/p>\n","protected":false},"featured_media":1081,"comment_status":"open","ping_status":"closed","template":"","meta":{"om_disable_all_campaigns":false,"_monsterinsights_skip_tracking":false,"_monsterinsights_sitenote_active":false,"_monsterinsights_sitenote_note":"","_monsterinsights_sitenote_category":0},"product_cat":[20],"product_tag":[44,34,81],"class_list":["post-1080","product","type-product","status-publish","has-post-thumbnail","hentry","product_cat-antiguedades","product_tag-antiguo","product_tag-aparador","product_tag-salomonico"],"aioseo_notices":[],"jetpack_sharing_enabled":true,"_links":{"self":[{"href":"http:\/\/www.muebleslatorrecilla.es\/index.php\/wp-json\/wp\/v2\/product\/1080","targetHints":{"allow":["GET"]}}],"collection":[{"href":"http:\/\/www.muebleslatorrecilla.es\/index.php\/wp-json\/wp\/v2\/product"}],"about":[{"href":"http:\/\/www.muebleslatorrecilla.es\/index.php\/wp-json\/wp\/v2\/types\/product"}],"replies":[{"embeddable":true,"href":"http:\/\/www.muebleslatorrecilla.es\/index.php\/wp-json\/wp\/v2\/comments?post=1080"}],"version-history":[{"count":1,"href":"http:\/\/www.muebleslatorrecilla.es\/index.php\/wp-json\/wp\/v2\/product\/1080\/revisions"}],"predecessor-version":[{"id":1085,"href":"http:\/\/www.muebleslatorrecilla.es\/index.php\/wp-json\/wp\/v2\/product\/1080\/revisions\/1085"}],"wp:featuredmedia":[{"embeddable":true,"href":"http:\/\/www.muebleslatorrecilla.es\/index.php\/wp-json\/wp\/v2\/media\/1081"}],"wp:attachment":[{"href":"http:\/\/www.muebleslatorrecilla.es\/index.php\/wp-json\/wp\/v2\/media?parent=1080"}],"wp:term":[{"taxonomy":"product_cat","embeddable":true,"href":"http:\/\/www.muebleslatorrecilla.es\/index.php\/wp-json\/wp\/v2\/product_cat?post=1080"},{"taxonomy":"product_tag","embeddable":true,"href":"http:\/\/www.muebleslatorrecilla.es\/index.php\/wp-json\/wp\/v2\/product_tag?post=1080"}],"curies":[{"name":"wp","href":"https:\/\/api.w.org\/{rel}","templated":true}]}}